{"id":1847,"date":"2017-02-03T16:57:59","date_gmt":"2017-02-03T15:57:59","guid":{"rendered":"http:\/\/711lab.com\/?page_id=1847"},"modified":"2021-04-19T15:21:00","modified_gmt":"2021-04-19T14:21:00","slug":"network","status":"publish","type":"page","link":"http:\/\/711lab.com\/?page_id=1847","title":{"rendered":"netzwerk"},"content":{"rendered":"<p><strong>Auftraggeber<\/strong><\/p>\n<p><strong><img loading=\"lazy\" decoding=\"async\" class=\"alignnone wp-image-79 size-full\" src=\"http:\/\/711lab.com\/wp-content\/uploads\/2016\/11\/170113_711_line.jpg\" width=\"540\" height=\"1\" srcset=\"http:\/\/711lab.com\/wp-content\/uploads\/2016\/11\/170113_711_line.jpg 540w, http:\/\/711lab.com\/wp-content\/uploads\/2016\/11\/170113_711_line-150x1.jpg 150w, http:\/\/711lab.com\/wp-content\/uploads\/2016\/11\/170113_711_line-300x1.jpg 300w, http:\/\/711lab.com\/wp-content\/uploads\/2016\/11\/170113_711_line-220x1.jpg 220w, http:\/\/711lab.com\/wp-content\/uploads\/2016\/11\/170113_711_line-200x1.jpg 200w, http:\/\/711lab.com\/wp-content\/uploads\/2016\/11\/170113_711_line-430x1.jpg 430w\" sizes=\"auto, (max-width: 540px) 100vw, 540px\" \/><\/strong><\/p>\n<p><a href=\"http:\/\/www.babenhausen.de\/de\/startseite\/\">Stadt Babenhausen<\/a><br \/>\nMagistrat der Stadt<\/p>\n<p><a href=\"http:\/\/www.baiersbronn-unserdorf.de\">Gemeinde Baiersbronn<\/a><br \/>\nSachgebiet Bauverwaltung<\/p>\n<p><a href=\"https:\/\/www.bundesimmobilien.de\">Bundesagentur f\u00fcr Immobilienaufgaben<\/a><br \/>\nFrankfurt<\/p>\n<p><a href=\"http:\/\/www.defantasie.nl\">comit\u00e9 de fantasie<\/a><br \/>\nAlmere<\/p>\n<p><a href=\"http:\/\/www.dgnb.de\/de\/\">DGNB mbH<\/a><br \/>\nStuttgart<\/p>\n<p><a href=\"http:\/\/dz-bau.de\">D&amp;Z Bau<\/a><br \/>\nEttlingen<\/p>\n<p><a href=\"https:\/\/www.glueckskinderwelt.de\/de\">Gl\u00fcckskinder GmbH<\/a><br \/>\nHeidelberg<\/p>\n<p><a href=\"http:\/\/www.heidelberg.de\/\">Stadt Heidelberg<\/a><br \/>\nStadtplanungsamt<br \/>\nAmt f\u00fcr Stadtentwicklung<br \/>\nKonversionsgesellschaft<\/p>\n<p><a href=\"http:\/\/www.lausanne.ch\/de\/\">Ville de Lausanne<\/a><br \/>\nSchweiz<\/p>\n<p><a href=\"http:\/\/www.leinfelden-echterdingen.de\">Stadt Leinfelden-Echterdingen<\/a><br \/>\nPlanungsamt<\/p>\n<p><a href=\"https:\/\/www.ludwigsburg.de\/,Lde\/start.html\">Stadt Ludwigsburg<\/a><br \/>\nReferat Nachhaltige Stadtentwicklung<\/p>\n<p><a href=\"https:\/\/www.mannheim.de\">Stadt Mannheim<\/a><br \/>\nFachbereich Stadtplanung<\/p>\n<p><a href=\"https:\/\/www.pforzheim.de\" target=\"_blank\" rel=\"noopener\">Stadt Pforzheim<\/a><br \/>\nPforzheim<\/p>\n<p><a href=\"http:\/\/www.konversion-mannheim.de\/wir-ueber-uns\/mwsp\">MWS\u00a0Projektentwicklungsgesellschaft<\/a><br \/>\nMannheim<\/p>\n<p><a href=\"http:\/\/www.sankt-elisabeth-stuttgart.de\">Kath. Kirchengemeinde St. Elisabeth<\/a><br \/>\nStuttgart<\/p>\n<p><a href=\"http:\/\/www.muenchen.de\">Landeshauptstadt M\u00fcnchen<\/a><br \/>\nReferat f\u00fcr Stadtplanung und Bauordnung<\/p>\n<p><a href=\"http:\/\/www.san-ulm.de\">Sanierungstreuhand Ulm<\/a><br \/>\nUlm<\/p>\n<p><a href=\"http:\/\/www.neu-ulm.de\">Stadt Neu-Ulm<\/a><br \/>\nFachbereich Stadtplanung<\/p>\n<p><a href=\"http:\/\/www.ostfildern.de\">Stadt Ostfildern<\/a><br \/>\nFachbereich Stadtplanung<\/p>\n<p><a href=\"http:\/\/www.stuttgart.de\/\">Landeshauptstadt Stuttgart<\/a><br \/>\nAmt f\u00fcr Stadtplanung und Stadterneuerung<\/p>\n<p><a href=\"http:\/\/www.wernau.de\/\">Stadt Wernau<\/a><br \/>\nStadtbauamt<\/p>\n<p><a href=\"https:\/\/www.darmstadt.de\/standort\/stadtentwicklung-und-stadtplanung\/\" target=\"_blank\" rel=\"noopener\">Wissenschaftsstadt Darmstadt<\/a><br \/>\nStadtentwicklung und Stadtplanung<\/p>\n<p><strong><img loading=\"lazy\" decoding=\"async\" class=\"alignnone wp-image-79 size-full\" src=\"http:\/\/711lab.com\/wp-content\/uploads\/2016\/11\/170113_711_line.jpg\" width=\"540\" height=\"1\" srcset=\"http:\/\/711lab.com\/wp-content\/uploads\/2016\/11\/170113_711_line.jpg 540w, http:\/\/711lab.com\/wp-content\/uploads\/2016\/11\/170113_711_line-150x1.jpg 150w, http:\/\/711lab.com\/wp-content\/uploads\/2016\/11\/170113_711_line-300x1.jpg 300w, http:\/\/711lab.com\/wp-content\/uploads\/2016\/11\/170113_711_line-220x1.jpg 220w, http:\/\/711lab.com\/wp-content\/uploads\/2016\/11\/170113_711_line-200x1.jpg 200w, http:\/\/711lab.com\/wp-content\/uploads\/2016\/11\/170113_711_line-430x1.jpg 430w\" sizes=\"auto, (max-width: 540px) 100vw, 540px\" \/><\/strong><\/p>\n<p><strong>Partner<\/strong><\/p>\n<p><strong><img loading=\"lazy\" decoding=\"async\" class=\"alignnone wp-image-79 size-full\" src=\"http:\/\/711lab.com\/wp-content\/uploads\/2016\/11\/170113_711_line.jpg\" width=\"540\" height=\"1\" srcset=\"http:\/\/711lab.com\/wp-content\/uploads\/2016\/11\/170113_711_line.jpg 540w, http:\/\/711lab.com\/wp-content\/uploads\/2016\/11\/170113_711_line-150x1.jpg 150w, http:\/\/711lab.com\/wp-content\/uploads\/2016\/11\/170113_711_line-300x1.jpg 300w, http:\/\/711lab.com\/wp-content\/uploads\/2016\/11\/170113_711_line-220x1.jpg 220w, http:\/\/711lab.com\/wp-content\/uploads\/2016\/11\/170113_711_line-200x1.jpg 200w, http:\/\/711lab.com\/wp-content\/uploads\/2016\/11\/170113_711_line-430x1.jpg 430w\" sizes=\"auto, (max-width: 540px) 100vw, 540px\" \/><\/strong><\/p>\n<p><a href=\"http:\/\/www.abt.eu\/\">ABT bouwtechnisch adviesbureau<\/a><br \/>\nArnhem<\/p>\n<p><a href=\"http:\/\/www.amunt.info\">AMUNT<\/a><br \/>\nSonja Nagel, Jan Theissen, Stuttgart<\/p>\n<p><a href=\"http:\/\/www.asp-stuttgart.de\" target=\"_blank\" rel=\"noopener\">asp Architekten<\/a><br \/>\nasp Architekten,\u00a0Stuttgart<\/p>\n<p><a href=\"http:\/\/www.atelierkontrast.de\/de\/\" target=\"_blank\" rel=\"noopener\">ATELIER KONTRAST<\/a><br \/>\natelier kontrast, Heidelberg<\/p>\n<p><a href=\"http:\/\/www.lebalto.de\/\">atelier le balto<\/a><br \/>\nMarc Pouzol und V\u00e9ronique Faucheur,\u00a0Berlin<\/p>\n<p><a href=\"http:\/\/www.bauchplan.de\/\">bauchplan ).(<\/a><br \/>\nFlorian Otto, Tobias Baldauf,\u00a0M\u00fcnchen\/Wien<\/p>\n<p><a href=\"http:\/\/www.bureaubouwkunde.nl\/\">b\u00e4uerle landschaftsarchitektur + stadtplanung<\/a><br \/>\nHannes B\u00e4uerle, Stuttgart<\/p>\n<p><a href=\"http:\/\/www.bureaubouwkunde.nl\/\">Bureau Bouwkunde<\/a><br \/>\nRotterdam<\/p>\n<p><a href=\"http:\/\/www.dollmann-architekten.de\/\">Dollmann + Partner<\/a><br \/>\nFrank Dollmann,\u00a0Stuttgart<\/p>\n<p><a href=\"http:\/\/www.ebp.ch\">Ernst Basler + Partner GmbH<\/a><br \/>\nZ\u00fcrich<\/p>\n<p><a href=\"http:\/\/www.frankroser.de\/Buro.html\" target=\"_blank\" rel=\"noopener\">Frank Roser Landschaftsarchitekten<\/a><br \/>\nFrank Roser, Ostfildern<\/p>\n<p><a href=\"http:\/\/www.freiraumconcept.com\/\">freiraumconcept Sinz-Beerstecher + B\u00f6pple<\/a><br \/>\nChristian B\u00f6pple,\u00a0Stuttgart<\/p>\n<p><a href=\"http:\/\/www.buero-glueck.de\/\">Gl\u00fcck Landschaftsarchitektur<\/a><br \/>\nMichael Gl\u00fcck,\u00a0Stuttgart<\/p>\n<p><a href=\"http:\/\/www.johannesjoerg.de\/\">Gr\u00fcne Welle Landschaftsarchitektur<\/a><br \/>\nJohannes J\u00f6rg,\u00a0Stuttgart<\/p>\n<p><a href=\"http:\/\/www.hankekappesundkollegen.de\/\">Hanke.Kappes + Kollegen<\/a><br \/>\nWerner Kappes, Johannes Cox,\u00a0Frankfurt<\/p>\n<p><a href=\"http:\/\/www.eble-architektur.de\/\">Joachim Eble Architektur<\/a><br \/>\nRolf Messerschmidt,\u00a0T\u00fcbingen<\/p>\n<p><a href=\"https:\/\/koeber-la.de\">koeber LANDSCHAFTSARCHITEKTUR GmbH<\/a><br \/>\nJoachim K\u00f6ber, Stuttgart<\/p>\n<p><a href=\"http:\/\/www.leonhardschenk.de\/\">LS Architektur St\u00e4dtebau<\/a><br \/>\nProf. Leonhard Schenk,\u00a0Stuttgart<\/p>\n<p><a href=\"http:\/\/www.lohrberg.de\/\">lohrberg stadtlandschaftsarchitektur<\/a><br \/>\nStuttgart<\/p>\n<p><a href=\"http:\/\/www.mbas.de\/\">MBA\/S<\/a><br \/>\nMatthias Bauer Associates,\u00a0Stuttgart<\/p>\n<p><a href=\"http:\/\/www.m-e-s-s.de\/\">MESS<\/a><br \/>\nKaiserslautern<\/p>\n<p><a href=\"http:\/\/www.metris-architekten.de\/\">metris architekten<\/a><br \/>\nAndreas Bartels, Thorsten Erl,\u00a0Darmstadt\/Heidelberg<\/p>\n<p>Joana Fazenda Mendes Mour\u00e3o,\u00a0Lisboa<\/p>\n<p><a href=\"http:\/\/www.nh-projektstadt.de\/\">NH ProjektStadt<\/a><br \/>\nFrankfurt, Heidelberg<\/p>\n<p><a href=\"http:\/\/www.raumspielkunst.de\/\">raumspielkunst<\/a><br \/>\nFabrice Henninger,\u00a0Stuttgart<\/p>\n<p><a href=\"http:\/\/www.rt-p.de\/\">R+T Topp, Huber-Erler, Hagedorn<\/a><br \/>\nCarsten Hagedorn,\u00a0Darmstadt<\/p>\n<p><a href=\"http:\/\/www.simabreer.com\">SIMA|BREER Landschaftsarchitektur<\/a><br \/>\nRolf Heinrich Breer, Winterthur<\/p>\n<p><a href=\"http:\/\/www.steimle-architekten.com\">steimle architekten<\/a><br \/>\nSteimle Architekten, Stuttgart<\/p>\n<p><a href=\"http:\/\/steteplanung.de\/cms\/\">StetePlanung<\/a><br \/>\nGisela Stete, Darmstadt<\/p>\n<p><a href=\"http:\/\/www.stoetzer-neher.de\/\">Stoetzer Neher Landschaftsarchitekten<\/a><br \/>\nSilke Lindemann,\u00a0Sindelfingen<\/p>\n<p><a href=\"http:\/\/www.transurban.de\/\">transurban<\/a><br \/>\nTina Andric,\u00a0Stuttgart<\/p>\n<p><a href=\"http:\/\/www.verkehrsplanung-link.de\/\">Verkehrsplanung Link<\/a><br \/>\nChristoph Link,\u00a0Stuttgart<\/p>\n<p>010lab<br \/>\nMarco Jongmans,\u00a0Rotterdam<\/p>\n","protected":false},"excerpt":{"rendered":"<p>Auftraggeber Stadt Babenhausen Magistrat der Stadt Gemeinde Baiersbronn Sachgebiet Bauverwaltung Bundesagentur f\u00fcr Immobilienaufgaben Frankfurt comit\u00e9 de fantasie Almere DGNB mbH Stuttgart D&amp;Z Bau Ettlingen Gl\u00fcckskinder GmbH Heidelberg Stadt Heidelberg Stadtplanungsamt Amt f\u00fcr Stadtentwicklung Konversionsgesellschaft Ville de Lausanne Schweiz Stadt Leinfelden-Echterdingen<\/p>\n","protected":false},"author":2,"featured_media":0,"parent":0,"menu_order":2,"comment_status":"closed","ping_status":"closed","template":"","meta":{"footnotes":""},"class_list":["post-1847","page","type-page","status-publish","hentry"],"_links":{"self":[{"href":"http:\/\/711lab.com\/index.php?rest_route=\/wp\/v2\/pages\/1847","targetHints":{"allow":["GET"]}}],"collection":[{"href":"http:\/\/711lab.com\/index.php?rest_route=\/wp\/v2\/pages"}],"about":[{"href":"http:\/\/711lab.com\/index.php?rest_route=\/wp\/v2\/types\/page"}],"author":[{"embeddable":true,"href":"http:\/\/711lab.com\/index.php?rest_route=\/wp\/v2\/users\/2"}],"replies":[{"embeddable":true,"href":"http:\/\/711lab.com\/index.php?rest_route=%2Fwp%2Fv2%2Fcomments&post=1847"}],"version-history":[{"count":36,"href":"http:\/\/711lab.com\/index.php?rest_route=\/wp\/v2\/pages\/1847\/revisions"}],"predecessor-version":[{"id":6241,"href":"http:\/\/711lab.com\/index.php?rest_route=\/wp\/v2\/pages\/1847\/revisions\/6241"}],"wp:attachment":[{"href":"http:\/\/711lab.com\/index.php?rest_route=%2Fwp%2Fv2%2Fmedia&parent=1847"}],"curies":[{"name":"wp","href":"https:\/\/api.w.org\/{rel}","templated":true}]}}