{"id":2,"date":"2016-05-10T03:48:21","date_gmt":"2016-05-10T03:48:21","guid":{"rendered":"http:\/\/wp452m.a10-52-158-154.qa.plesk.ru\/wordpress\/?page_id=2"},"modified":"2024-06-22T15:39:21","modified_gmt":"2024-06-22T14:39:21","slug":"sample-page","status":"publish","type":"page","link":"http:\/\/711lab.com\/?page_id=2","title":{"rendered":"profil"},"content":{"rendered":"<p>Mit einem jungen und motivierten Team widmen wir uns\u00a0seit 2001 st\u00e4dtebaulichen und architektonischen Aufgabenstellungen im Spannungsfeld von r\u00e4umlichem Kontext und gesellschaftlichen Prozessen. In wechselnden interdisziplin\u00e4ren Kooperationen entstanden so mehrere pr\u00e4mierte Projekte und Wettbewerbsbeitr\u00e4ge im In- und Ausland. Als Partner eines interdisziplin\u00e4ren Teams sind wir\u00a0derzeit mit der Projektsteuerung und den st\u00e4dtebaulichen Planungen f\u00fcr die Konversion von insgesamt 200 ha freiwerdenden milit\u00e4rischen Liegenschaften in der Stadt Heidelberg im Rahmen eines dialogischen Planungsprozesses mit intensiver B\u00fcrgerbeteiligung beauftragt. Daneben haben wir\u00a0zahlreiche st\u00e4dtebauliche Planungen und Studien f\u00fcr \u00f6ffentliche und private Auftraggeber erfolgreich durchgef\u00fchrt.<\/p>\n<p><img loading=\"lazy\" decoding=\"async\" class=\"alignnone wp-image-79 size-full\" src=\"http:\/\/711lab.com\/wp-content\/uploads\/2016\/11\/170113_711_line.jpg\" width=\"540\" height=\"1\" srcset=\"http:\/\/711lab.com\/wp-content\/uploads\/2016\/11\/170113_711_line.jpg 540w, http:\/\/711lab.com\/wp-content\/uploads\/2016\/11\/170113_711_line-150x1.jpg 150w, http:\/\/711lab.com\/wp-content\/uploads\/2016\/11\/170113_711_line-300x1.jpg 300w, http:\/\/711lab.com\/wp-content\/uploads\/2016\/11\/170113_711_line-220x1.jpg 220w, http:\/\/711lab.com\/wp-content\/uploads\/2016\/11\/170113_711_line-200x1.jpg 200w, http:\/\/711lab.com\/wp-content\/uploads\/2016\/11\/170113_711_line-430x1.jpg 430w\" sizes=\"auto, (max-width: 540px) 100vw, 540px\" \/><\/p>\n<p><a href=\"http:\/\/711lab.com\/wp-content\/uploads\/2024\/06\/23_Ausflug_Image_01.jpg\"><img loading=\"lazy\" decoding=\"async\" class=\"alignnone wp-image-6990 \" src=\"http:\/\/711lab.com\/wp-content\/uploads\/2024\/06\/23_Ausflug_Image_01.jpg\" alt=\"\" width=\"820\" height=\"434\" \/><\/a><img loading=\"lazy\" decoding=\"async\" class=\"alignnone wp-image-79 size-full\" src=\"http:\/\/711lab.com\/wp-content\/uploads\/2016\/11\/170113_711_line.jpg\" width=\"540\" height=\"1\" srcset=\"http:\/\/711lab.com\/wp-content\/uploads\/2016\/11\/170113_711_line.jpg 540w, http:\/\/711lab.com\/wp-content\/uploads\/2016\/11\/170113_711_line-150x1.jpg 150w, http:\/\/711lab.com\/wp-content\/uploads\/2016\/11\/170113_711_line-300x1.jpg 300w, http:\/\/711lab.com\/wp-content\/uploads\/2016\/11\/170113_711_line-220x1.jpg 220w, http:\/\/711lab.com\/wp-content\/uploads\/2016\/11\/170113_711_line-200x1.jpg 200w, http:\/\/711lab.com\/wp-content\/uploads\/2016\/11\/170113_711_line-430x1.jpg 430w\" sizes=\"auto, (max-width: 540px) 100vw, 540px\" \/><\/p>\n<p><strong>Stefan Werrer<\/strong><br \/>\nFreier Architekt und Stadtplaner<\/p>\n<p>Studium Architektur und Stadtplanung an der Universit\u00e4t Stuttgart und der TU Delft. Seit 2001 Inhaber Labor f\u00fcr urbane Orte und Prozesse (711LAB) mit Schwerpunkt Stadtentwicklungsstrategien sowie Quartiersentwicklungen im Rahmen von Konversionsprozessen. 2004 &#8211; 2010 akademischer Mitarbeiter am St\u00e4dtebau-Institut der Universit\u00e4t Stuttgart. Seit 2016 Professur f\u00fcr St\u00e4dtebau an der FH Aachen. Mitglied im Ausstellungsausschuss und Kurator der architekturgalerie am wei\u00dfenhof, von Europan Deutschland und wonderland \u2013 platform for european architecture. 2017 Berufung in die Deutsche Akademie f\u00fcr St\u00e4dtebau und Landesplanung.<\/p>\n<p><img loading=\"lazy\" decoding=\"async\" class=\"alignnone wp-image-79 size-full\" src=\"http:\/\/711lab.com\/wp-content\/uploads\/2016\/11\/170113_711_line.jpg\" width=\"540\" height=\"1\" srcset=\"http:\/\/711lab.com\/wp-content\/uploads\/2016\/11\/170113_711_line.jpg 540w, http:\/\/711lab.com\/wp-content\/uploads\/2016\/11\/170113_711_line-150x1.jpg 150w, http:\/\/711lab.com\/wp-content\/uploads\/2016\/11\/170113_711_line-300x1.jpg 300w, http:\/\/711lab.com\/wp-content\/uploads\/2016\/11\/170113_711_line-220x1.jpg 220w, http:\/\/711lab.com\/wp-content\/uploads\/2016\/11\/170113_711_line-200x1.jpg 200w, http:\/\/711lab.com\/wp-content\/uploads\/2016\/11\/170113_711_line-430x1.jpg 430w\" sizes=\"auto, (max-width: 540px) 100vw, 540px\" \/><\/p>\n<p><strong>Tim Weber<br \/>\n<\/strong>Stadtplaner und Architekt<br \/>\nStudium Architektur und Stadtplanung an der Universit\u00e4t Stuttgart<\/p>\n<p><img loading=\"lazy\" decoding=\"async\" class=\"alignnone wp-image-79 size-full\" src=\"http:\/\/711lab.com\/wp-content\/uploads\/2016\/11\/170113_711_line.jpg\" width=\"540\" height=\"1\" srcset=\"http:\/\/711lab.com\/wp-content\/uploads\/2016\/11\/170113_711_line.jpg 540w, http:\/\/711lab.com\/wp-content\/uploads\/2016\/11\/170113_711_line-150x1.jpg 150w, http:\/\/711lab.com\/wp-content\/uploads\/2016\/11\/170113_711_line-300x1.jpg 300w, http:\/\/711lab.com\/wp-content\/uploads\/2016\/11\/170113_711_line-220x1.jpg 220w, http:\/\/711lab.com\/wp-content\/uploads\/2016\/11\/170113_711_line-200x1.jpg 200w, http:\/\/711lab.com\/wp-content\/uploads\/2016\/11\/170113_711_line-430x1.jpg 430w\" sizes=\"auto, (max-width: 540px) 100vw, 540px\" \/><\/p>\n<p><strong>Vroni Geiselbrechtinger<br \/>\n<\/strong>B.Sc. Architektur und Stadtplanung<br \/>\nStudium Architektur und Stadtplanung an der Universit\u00e4t Stuttgart<\/p>\n<p class=\"csc-firstHeader\"><img loading=\"lazy\" decoding=\"async\" class=\"alignnone wp-image-79 size-full\" src=\"http:\/\/711lab.com\/wp-content\/uploads\/2016\/11\/170113_711_line.jpg\" width=\"540\" height=\"1\" srcset=\"http:\/\/711lab.com\/wp-content\/uploads\/2016\/11\/170113_711_line.jpg 540w, http:\/\/711lab.com\/wp-content\/uploads\/2016\/11\/170113_711_line-150x1.jpg 150w, http:\/\/711lab.com\/wp-content\/uploads\/2016\/11\/170113_711_line-300x1.jpg 300w, http:\/\/711lab.com\/wp-content\/uploads\/2016\/11\/170113_711_line-220x1.jpg 220w, http:\/\/711lab.com\/wp-content\/uploads\/2016\/11\/170113_711_line-200x1.jpg 200w, http:\/\/711lab.com\/wp-content\/uploads\/2016\/11\/170113_711_line-430x1.jpg 430w\" sizes=\"auto, (max-width: 540px) 100vw, 540px\" \/><\/p>\n<p><strong>Fabienne Fink<br \/>\n<\/strong>B.A. Architektur<br \/>\nStudium Architektur an der FH Aachen<\/p>\n<p><strong><img loading=\"lazy\" decoding=\"async\" class=\"alignnone wp-image-79 size-full\" src=\"http:\/\/711lab.com\/wp-content\/uploads\/2016\/11\/170113_711_line.jpg\" width=\"540\" height=\"1\" srcset=\"http:\/\/711lab.com\/wp-content\/uploads\/2016\/11\/170113_711_line.jpg 540w, http:\/\/711lab.com\/wp-content\/uploads\/2016\/11\/170113_711_line-150x1.jpg 150w, http:\/\/711lab.com\/wp-content\/uploads\/2016\/11\/170113_711_line-300x1.jpg 300w, http:\/\/711lab.com\/wp-content\/uploads\/2016\/11\/170113_711_line-220x1.jpg 220w, http:\/\/711lab.com\/wp-content\/uploads\/2016\/11\/170113_711_line-200x1.jpg 200w, http:\/\/711lab.com\/wp-content\/uploads\/2016\/11\/170113_711_line-430x1.jpg 430w\" sizes=\"auto, (max-width: 540px) 100vw, 540px\" \/><\/strong><\/p>\n<p><strong>ehemalige Mitarbeiter<\/strong><\/p>\n<p>Christine Baur, Meret Boss, Pascal Eberl, Elisa Lotti, Ann-Kathrin Ludwig, Sarah Misselbeck, Sandrine Nsoga, Andres Peralvo, Marc Roggenstein, Nina Schulz, Bukola Tijani, Jeremias Walter, Ksenija Zujeva<\/p>\n","protected":false},"excerpt":{"rendered":"<p>Mit einem jungen und motivierten Team widmen wir uns\u00a0seit 2001 st\u00e4dtebaulichen und architektonischen Aufgabenstellungen im Spannungsfeld von r\u00e4umlichem Kontext und gesellschaftlichen Prozessen. In wechselnden interdisziplin\u00e4ren Kooperationen entstanden so mehrere pr\u00e4mierte Projekte und Wettbewerbsbeitr\u00e4ge im In- und Ausland. Als Partner eines<\/p>\n","protected":false},"author":1,"featured_media":0,"parent":0,"menu_order":1,"comment_status":"closed","ping_status":"open","template":"","meta":{"footnotes":""},"class_list":["post-2","page","type-page","status-publish","hentry"],"_links":{"self":[{"href":"http:\/\/711lab.com\/index.php?rest_route=\/wp\/v2\/pages\/2","targetHints":{"allow":["GET"]}}],"collection":[{"href":"http:\/\/711lab.com\/index.php?rest_route=\/wp\/v2\/pages"}],"about":[{"href":"http:\/\/711lab.com\/index.php?rest_route=\/wp\/v2\/types\/page"}],"author":[{"embeddable":true,"href":"http:\/\/711lab.com\/index.php?rest_route=\/wp\/v2\/users\/1"}],"replies":[{"embeddable":true,"href":"http:\/\/711lab.com\/index.php?rest_route=%2Fwp%2Fv2%2Fcomments&post=2"}],"version-history":[{"count":29,"href":"http:\/\/711lab.com\/index.php?rest_route=\/wp\/v2\/pages\/2\/revisions"}],"predecessor-version":[{"id":6991,"href":"http:\/\/711lab.com\/index.php?rest_route=\/wp\/v2\/pages\/2\/revisions\/6991"}],"wp:attachment":[{"href":"http:\/\/711lab.com\/index.php?rest_route=%2Fwp%2Fv2%2Fmedia&parent=2"}],"curies":[{"name":"wp","href":"https:\/\/api.w.org\/{rel}","templated":true}]}}